{"id":2629,"date":"2023-09-06T13:03:29","date_gmt":"2023-09-06T11:03:29","guid":{"rendered":"https:\/\/frametek.pl\/materialy-do-pobrania\/"},"modified":"2023-09-06T13:03:29","modified_gmt":"2023-09-06T11:03:29","slug":"materialy-do-pobrania","status":"publish","type":"page","link":"https:\/\/frametek.pl\/de\/materialy-do-pobrania\/","title":{"rendered":"Materia\u0142y do pobrania"},"content":{"rendered":"\t\t<div data-elementor-type=\"wp-page\" data-elementor-id=\"2629\" class=\"elementor elementor-2629 elementor-91\" data-elementor-post-type=\"page\">\n\t\t\t\t\t\t\t\t\t<section class=\"elementor-section elementor-top-section elementor-element elementor-element-002bc89 elementor-section-height-min-height elementor-section-boxed elementor-section-height-default elementor-section-items-middle\" data-id=\"002bc89\" data-element_type=\"section\" data-settings=\"{&quot;background_background&quot;:&quot;classic&quot;}\">\n\t\t\t\t\t\t<div class=\"elementor-container elementor-column-gap-default\">\n\t\t\t\t\t<div class=\"elementor-column elementor-col-100 elementor-top-column elementor-element elementor-element-fe60bc6\" data-id=\"fe60bc6\" data-element_type=\"column\">\n\t\t\t<div class=\"elementor-widget-wrap elementor-element-populated\">\n\t\t\t\t\t\t\t\t<div class=\"elementor-element elementor-element-0309fff elementor-widget elementor-widget-heading\" data-id=\"0309fff\" data-element_type=\"widget\" data-widget_type=\"heading.default\">\n\t\t\t\t<div class=\"elementor-widget-container\">\n\t\t\t<h2 class=\"elementor-heading-title elementor-size-default\">Materia\u0142y do pobrania<\/h2>\t\t<\/div>\n\t\t\t\t<\/div>\n\t\t\t\t<div class=\"elementor-element elementor-element-e478423 elementor-widget elementor-widget-heading\" data-id=\"e478423\" data-element_type=\"widget\" data-widget_type=\"heading.default\">\n\t\t\t\t<div class=\"elementor-widget-container\">\n\t\t\t<h2 class=\"elementor-heading-title elementor-size-default\">Materia\u0142y do pobrania<\/h2>\t\t<\/div>\n\t\t\t\t<\/div>\n\t\t\t\t<div class=\"elementor-element elementor-element-4d505f5 elementor-widget__width-initial elementor-widget-mobile__width-inherit elementor-widget elementor-widget-text-editor\" data-id=\"4d505f5\" data-element_type=\"widget\" data-widget_type=\"text-editor.default\">\n\t\t\t\t<div class=\"elementor-widget-container\">\n\t\t\t\t\t\t\t<p>Lorem ipsum dolor sit amet, consectetur adipiscing elit, sed do eiusmod tempor incididunt ut labore et dolore magna aliqua. Ut enim ad minim veniam, quis nostrud<\/p>\t\t\t\t\t\t<\/div>\n\t\t\t\t<\/div>\n\t\t\t\t\t<\/div>\n\t\t<\/div>\n\t\t\t\t\t\t\t<\/div>\n\t\t<\/section>\n\t\t\t\t<section class=\"elementor-section elementor-top-section elementor-element elementor-element-5810090 elementor-section-boxed elementor-section-height-default elementor-section-height-default\" data-id=\"5810090\" data-element_type=\"section\">\n\t\t\t\t\t\t<div class=\"elementor-container elementor-column-gap-default\">\n\t\t\t\t\t<div class=\"elementor-column elementor-col-100 elementor-top-column elementor-element elementor-element-b968c96\" data-id=\"b968c96\" data-element_type=\"column\">\n\t\t\t<div class=\"elementor-widget-wrap elementor-element-populated\">\n\t\t\t\t\t\t\t\t<section class=\"elementor-section elementor-inner-section elementor-element elementor-element-e94cdba elementor-section-boxed elementor-section-height-default elementor-section-height-default\" data-id=\"e94cdba\" data-element_type=\"section\">\n\t\t\t\t\t\t<div class=\"elementor-container elementor-column-gap-default\">\n\t\t\t\t\t<div class=\"elementor-column elementor-col-50 elementor-inner-column elementor-element elementor-element-4d5809b\" data-id=\"4d5809b\" data-element_type=\"column\">\n\t\t\t<div class=\"elementor-widget-wrap elementor-element-populated\">\n\t\t\t\t\t\t\t\t<div class=\"elementor-element elementor-element-954fc15 elementor-widget elementor-widget-image\" data-id=\"954fc15\" data-element_type=\"widget\" data-widget_type=\"image.default\">\n\t\t\t\t<div class=\"elementor-widget-container\">\n\t\t\t\t\t\t\t\t\t\t\t\t\t\t\t<img decoding=\"async\" src=\"https:\/\/frametek.pl\/wp-content\/plugins\/elementor\/assets\/images\/placeholder.png\" title=\"\" alt=\"\" loading=\"lazy\" \/>\t\t\t\t\t\t\t\t\t\t\t\t\t\t\t<\/div>\n\t\t\t\t<\/div>\n\t\t\t\t<div class=\"elementor-element elementor-element-2584bdc elementor-widget elementor-widget-heading\" data-id=\"2584bdc\" data-element_type=\"widget\" data-widget_type=\"heading.default\">\n\t\t\t\t<div class=\"elementor-widget-container\">\n\t\t\t<h3 class=\"elementor-heading-title elementor-size-default\">Nazwa dokumentu do pobrania<\/h3>\t\t<\/div>\n\t\t\t\t<\/div>\n\t\t\t\t<div class=\"elementor-element elementor-element-ddb25c7 elementor-align-justify elementor-widget elementor-widget-button\" data-id=\"ddb25c7\" data-element_type=\"widget\" data-widget_type=\"button.default\">\n\t\t\t\t<div class=\"elementor-widget-container\">\n\t\t\t\t\t<div class=\"elementor-button-wrapper\">\n\t\t\t<a class=\"elementor-button elementor-button-link elementor-size-sm\" href=\"#\">\n\t\t\t\t\t\t<span class=\"elementor-button-content-wrapper\">\n\t\t\t\t\t\t<span class=\"elementor-button-text\">Pobierz tutaj<\/span>\n\t\t<\/span>\n\t\t\t\t\t<\/a>\n\t\t<\/div>\n\t\t\t\t<\/div>\n\t\t\t\t<\/div>\n\t\t\t\t\t<\/div>\n\t\t<\/div>\n\t\t\t\t<div class=\"elementor-column elementor-col-50 elementor-inner-column elementor-element elementor-element-3b1bba3\" data-id=\"3b1bba3\" data-element_type=\"column\">\n\t\t\t<div class=\"elementor-widget-wrap elementor-element-populated\">\n\t\t\t\t\t\t\t\t<div class=\"elementor-element elementor-element-1f679dd elementor-widget elementor-widget-image\" data-id=\"1f679dd\" data-element_type=\"widget\" data-widget_type=\"image.default\">\n\t\t\t\t<div class=\"elementor-widget-container\">\n\t\t\t\t\t\t\t\t\t\t\t\t\t\t\t<img decoding=\"async\" src=\"https:\/\/frametek.pl\/wp-content\/plugins\/elementor\/assets\/images\/placeholder.png\" title=\"\" alt=\"\" loading=\"lazy\" \/>\t\t\t\t\t\t\t\t\t\t\t\t\t\t\t<\/div>\n\t\t\t\t<\/div>\n\t\t\t\t<div class=\"elementor-element elementor-element-5fb0fcf elementor-widget elementor-widget-heading\" data-id=\"5fb0fcf\" data-element_type=\"widget\" data-widget_type=\"heading.default\">\n\t\t\t\t<div class=\"elementor-widget-container\">\n\t\t\t<h3 class=\"elementor-heading-title elementor-size-default\">Nazwa dokumentu do pobrania<\/h3>\t\t<\/div>\n\t\t\t\t<\/div>\n\t\t\t\t<div class=\"elementor-element elementor-element-22450cc elementor-align-justify elementor-widget elementor-widget-button\" data-id=\"22450cc\" data-element_type=\"widget\" data-widget_type=\"button.default\">\n\t\t\t\t<div class=\"elementor-widget-container\">\n\t\t\t\t\t<div class=\"elementor-button-wrapper\">\n\t\t\t<a class=\"elementor-button elementor-button-link elementor-size-sm\" href=\"#\">\n\t\t\t\t\t\t<span class=\"elementor-button-content-wrapper\">\n\t\t\t\t\t\t<span class=\"elementor-button-text\">Pobierz tutaj<\/span>\n\t\t<\/span>\n\t\t\t\t\t<\/a>\n\t\t<\/div>\n\t\t\t\t<\/div>\n\t\t\t\t<\/div>\n\t\t\t\t\t<\/div>\n\t\t<\/div>\n\t\t\t\t\t\t\t<\/div>\n\t\t<\/section>\n\t\t\t\t<section class=\"elementor-section elementor-inner-section elementor-element elementor-element-9641b82 elementor-section-boxed elementor-section-height-default elementor-section-height-default\" data-id=\"9641b82\" data-element_type=\"section\">\n\t\t\t\t\t\t<div class=\"elementor-container elementor-column-gap-default\">\n\t\t\t\t\t<div class=\"elementor-column elementor-col-50 elementor-inner-column elementor-element elementor-element-7d0da7b\" data-id=\"7d0da7b\" data-element_type=\"column\">\n\t\t\t<div class=\"elementor-widget-wrap elementor-element-populated\">\n\t\t\t\t\t\t\t\t<div class=\"elementor-element elementor-element-33ea7bb elementor-widget elementor-widget-image\" data-id=\"33ea7bb\" data-element_type=\"widget\" data-widget_type=\"image.default\">\n\t\t\t\t<div class=\"elementor-widget-container\">\n\t\t\t\t\t\t\t\t\t\t\t\t\t\t\t<img decoding=\"async\" src=\"https:\/\/frametek.pl\/wp-content\/plugins\/elementor\/assets\/images\/placeholder.png\" title=\"\" alt=\"\" loading=\"lazy\" \/>\t\t\t\t\t\t\t\t\t\t\t\t\t\t\t<\/div>\n\t\t\t\t<\/div>\n\t\t\t\t<div class=\"elementor-element elementor-element-e5d42b5 elementor-widget elementor-widget-heading\" data-id=\"e5d42b5\" data-element_type=\"widget\" data-widget_type=\"heading.default\">\n\t\t\t\t<div class=\"elementor-widget-container\">\n\t\t\t<h3 class=\"elementor-heading-title elementor-size-default\">Nazwa dokumentu do pobrania<\/h3>\t\t<\/div>\n\t\t\t\t<\/div>\n\t\t\t\t<div class=\"elementor-element elementor-element-75360f4 elementor-align-justify elementor-widget elementor-widget-button\" data-id=\"75360f4\" data-element_type=\"widget\" data-widget_type=\"button.default\">\n\t\t\t\t<div class=\"elementor-widget-container\">\n\t\t\t\t\t<div class=\"elementor-button-wrapper\">\n\t\t\t<a class=\"elementor-button elementor-button-link elementor-size-sm\" href=\"#\">\n\t\t\t\t\t\t<span class=\"elementor-button-content-wrapper\">\n\t\t\t\t\t\t<span class=\"elementor-button-text\">Pobierz tutaj<\/span>\n\t\t<\/span>\n\t\t\t\t\t<\/a>\n\t\t<\/div>\n\t\t\t\t<\/div>\n\t\t\t\t<\/div>\n\t\t\t\t\t<\/div>\n\t\t<\/div>\n\t\t\t\t<div class=\"elementor-column elementor-col-50 elementor-inner-column elementor-element elementor-element-88e8563\" data-id=\"88e8563\" data-element_type=\"column\">\n\t\t\t<div class=\"elementor-widget-wrap elementor-element-populated\">\n\t\t\t\t\t\t\t\t<div class=\"elementor-element elementor-element-43568d7 elementor-widget elementor-widget-image\" data-id=\"43568d7\" data-element_type=\"widget\" data-widget_type=\"image.default\">\n\t\t\t\t<div class=\"elementor-widget-container\">\n\t\t\t\t\t\t\t\t\t\t\t\t\t\t\t<img decoding=\"async\" src=\"https:\/\/frametek.pl\/wp-content\/plugins\/elementor\/assets\/images\/placeholder.png\" title=\"\" alt=\"\" loading=\"lazy\" \/>\t\t\t\t\t\t\t\t\t\t\t\t\t\t\t<\/div>\n\t\t\t\t<\/div>\n\t\t\t\t<div class=\"elementor-element elementor-element-49c25f0 elementor-widget elementor-widget-heading\" data-id=\"49c25f0\" data-element_type=\"widget\" data-widget_type=\"heading.default\">\n\t\t\t\t<div class=\"elementor-widget-container\">\n\t\t\t<h3 class=\"elementor-heading-title elementor-size-default\">Nazwa dokumentu do pobrania<\/h3>\t\t<\/div>\n\t\t\t\t<\/div>\n\t\t\t\t<div class=\"elementor-element elementor-element-f475dff elementor-align-justify elementor-widget elementor-widget-button\" data-id=\"f475dff\" data-element_type=\"widget\" data-widget_type=\"button.default\">\n\t\t\t\t<div class=\"elementor-widget-container\">\n\t\t\t\t\t<div class=\"elementor-button-wrapper\">\n\t\t\t<a class=\"elementor-button elementor-button-link elementor-size-sm\" href=\"#\">\n\t\t\t\t\t\t<span class=\"elementor-button-content-wrapper\">\n\t\t\t\t\t\t<span class=\"elementor-button-text\">Pobierz tutaj<\/span>\n\t\t<\/span>\n\t\t\t\t\t<\/a>\n\t\t<\/div>\n\t\t\t\t<\/div>\n\t\t\t\t<\/div>\n\t\t\t\t\t<\/div>\n\t\t<\/div>\n\t\t\t\t\t\t\t<\/div>\n\t\t<\/section>\n\t\t\t\t\t<\/div>\n\t\t<\/div>\n\t\t\t\t\t\t\t<\/div>\n\t\t<\/section>\n\t\t\t\t\t\t\t<\/div>\n\t\t","protected":false},"excerpt":{"rendered":"<p>Materia\u0142y do pobrania Materia\u0142y do pobrania Lorem ipsum dolor sit amet, consectetur adipiscing elit, sed do eiusmod tempor incididunt ut labore et dolore magna aliqua. Ut enim ad minim veniam, quis nostrud Nazwa dokumentu do pobrania Pobierz tutaj Nazwa dokumentu do pobrania Pobierz tutaj Nazwa dokumentu do pobrania Pobierz tutaj Nazwa dokumentu do pobrania Pobierz [&hellip;]<\/p>\n","protected":false},"author":1,"featured_media":0,"parent":0,"menu_order":0,"comment_status":"closed","ping_status":"closed","template":"elementor_header_footer","meta":{"footnotes":""},"acf":[],"yoast_head":"<!-- This site is optimized with the Yoast SEO plugin v22.4 - https:\/\/yoast.com\/wordpress\/plugins\/seo\/ -->\n<title>Materia\u0142y do pobrania - Frametek<\/title>\n<meta name=\"robots\" content=\"index, follow, max-snippet:-1, max-image-preview:large, max-video-preview:-1\" \/>\n<link rel=\"canonical\" href=\"https:\/\/frametek.pl\/de\/materialy-do-pobrania\/\" \/>\n<meta property=\"og:locale\" content=\"de_DE\" \/>\n<meta property=\"og:type\" content=\"article\" \/>\n<meta property=\"og:title\" content=\"Materia\u0142y do pobrania - Frametek\" \/>\n<meta property=\"og:description\" content=\"Materia\u0142y do pobrania Materia\u0142y do pobrania Lorem ipsum dolor sit amet, consectetur adipiscing elit, sed do eiusmod tempor incididunt ut labore et dolore magna aliqua. Ut enim ad minim veniam, quis nostrud Nazwa dokumentu do pobrania Pobierz tutaj Nazwa dokumentu do pobrania Pobierz tutaj Nazwa dokumentu do pobrania Pobierz tutaj Nazwa dokumentu do pobrania Pobierz [&hellip;]\" \/>\n<meta property=\"og:url\" content=\"https:\/\/frametek.pl\/de\/materialy-do-pobrania\/\" \/>\n<meta property=\"og:site_name\" content=\"Frametek\" \/>\n<meta property=\"og:image\" content=\"https:\/\/frametek.pl\/wp-content\/plugins\/elementor\/assets\/images\/placeholder.png\" \/>\n<meta name=\"twitter:card\" content=\"summary_large_image\" \/>\n<script type=\"application\/ld+json\" class=\"yoast-schema-graph\">{\"@context\":\"https:\/\/schema.org\",\"@graph\":[{\"@type\":\"WebPage\",\"@id\":\"https:\/\/frametek.pl\/de\/materialy-do-pobrania\/\",\"url\":\"https:\/\/frametek.pl\/de\/materialy-do-pobrania\/\",\"name\":\"Materia\u0142y do pobrania - Frametek\",\"isPartOf\":{\"@id\":\"https:\/\/frametek.pl\/de\/#website\"},\"primaryImageOfPage\":{\"@id\":\"https:\/\/frametek.pl\/de\/materialy-do-pobrania\/#primaryimage\"},\"image\":{\"@id\":\"https:\/\/frametek.pl\/de\/materialy-do-pobrania\/#primaryimage\"},\"thumbnailUrl\":\"https:\/\/frametek.pl\/wp-content\/plugins\/elementor\/assets\/images\/placeholder.png\",\"datePublished\":\"2023-09-06T11:03:29+00:00\",\"dateModified\":\"2023-09-06T11:03:29+00:00\",\"breadcrumb\":{\"@id\":\"https:\/\/frametek.pl\/de\/materialy-do-pobrania\/#breadcrumb\"},\"inLanguage\":\"de\",\"potentialAction\":[{\"@type\":\"ReadAction\",\"target\":[\"https:\/\/frametek.pl\/de\/materialy-do-pobrania\/\"]}]},{\"@type\":\"ImageObject\",\"inLanguage\":\"de\",\"@id\":\"https:\/\/frametek.pl\/de\/materialy-do-pobrania\/#primaryimage\",\"url\":\"https:\/\/frametek.pl\/wp-content\/plugins\/elementor\/assets\/images\/placeholder.png\",\"contentUrl\":\"https:\/\/frametek.pl\/wp-content\/plugins\/elementor\/assets\/images\/placeholder.png\"},{\"@type\":\"BreadcrumbList\",\"@id\":\"https:\/\/frametek.pl\/de\/materialy-do-pobrania\/#breadcrumb\",\"itemListElement\":[{\"@type\":\"ListItem\",\"position\":1,\"name\":\"Strona g\u0142\u00f3wna\",\"item\":\"https:\/\/frametek.pl\/de\/\"},{\"@type\":\"ListItem\",\"position\":2,\"name\":\"Materia\u0142y do pobrania\"}]},{\"@type\":\"WebSite\",\"@id\":\"https:\/\/frametek.pl\/de\/#website\",\"url\":\"https:\/\/frametek.pl\/de\/\",\"name\":\"Frametek\",\"description\":\"\",\"publisher\":{\"@id\":\"https:\/\/frametek.pl\/de\/#organization\"},\"potentialAction\":[{\"@type\":\"SearchAction\",\"target\":{\"@type\":\"EntryPoint\",\"urlTemplate\":\"https:\/\/frametek.pl\/de\/?s={search_term_string}\"},\"query-input\":\"required name=search_term_string\"}],\"inLanguage\":\"de\"},{\"@type\":\"Organization\",\"@id\":\"https:\/\/frametek.pl\/de\/#organization\",\"name\":\"Frametek\",\"url\":\"https:\/\/frametek.pl\/de\/\",\"logo\":{\"@type\":\"ImageObject\",\"inLanguage\":\"de\",\"@id\":\"https:\/\/frametek.pl\/de\/#\/schema\/logo\/image\/\",\"url\":\"https:\/\/frametek.pl\/wp-content\/uploads\/2023\/09\/logo.png\",\"contentUrl\":\"https:\/\/frametek.pl\/wp-content\/uploads\/2023\/09\/logo.png\",\"width\":101,\"height\":123,\"caption\":\"Frametek\"},\"image\":{\"@id\":\"https:\/\/frametek.pl\/de\/#\/schema\/logo\/image\/\"}}]}<\/script>\n<!-- \/ Yoast SEO plugin. -->","yoast_head_json":{"title":"Materia\u0142y do pobrania - Frametek","robots":{"index":"index","follow":"follow","max-snippet":"max-snippet:-1","max-image-preview":"max-image-preview:large","max-video-preview":"max-video-preview:-1"},"canonical":"https:\/\/frametek.pl\/de\/materialy-do-pobrania\/","og_locale":"de_DE","og_type":"article","og_title":"Materia\u0142y do pobrania - Frametek","og_description":"Materia\u0142y do pobrania Materia\u0142y do pobrania Lorem ipsum dolor sit amet, consectetur adipiscing elit, sed do eiusmod tempor incididunt ut labore et dolore magna aliqua. Ut enim ad minim veniam, quis nostrud Nazwa dokumentu do pobrania Pobierz tutaj Nazwa dokumentu do pobrania Pobierz tutaj Nazwa dokumentu do pobrania Pobierz tutaj Nazwa dokumentu do pobrania Pobierz [&hellip;]","og_url":"https:\/\/frametek.pl\/de\/materialy-do-pobrania\/","og_site_name":"Frametek","og_image":[{"url":"https:\/\/frametek.pl\/wp-content\/plugins\/elementor\/assets\/images\/placeholder.png"}],"twitter_card":"summary_large_image","schema":{"@context":"https:\/\/schema.org","@graph":[{"@type":"WebPage","@id":"https:\/\/frametek.pl\/de\/materialy-do-pobrania\/","url":"https:\/\/frametek.pl\/de\/materialy-do-pobrania\/","name":"Materia\u0142y do pobrania - Frametek","isPartOf":{"@id":"https:\/\/frametek.pl\/de\/#website"},"primaryImageOfPage":{"@id":"https:\/\/frametek.pl\/de\/materialy-do-pobrania\/#primaryimage"},"image":{"@id":"https:\/\/frametek.pl\/de\/materialy-do-pobrania\/#primaryimage"},"thumbnailUrl":"https:\/\/frametek.pl\/wp-content\/plugins\/elementor\/assets\/images\/placeholder.png","datePublished":"2023-09-06T11:03:29+00:00","dateModified":"2023-09-06T11:03:29+00:00","breadcrumb":{"@id":"https:\/\/frametek.pl\/de\/materialy-do-pobrania\/#breadcrumb"},"inLanguage":"de","potentialAction":[{"@type":"ReadAction","target":["https:\/\/frametek.pl\/de\/materialy-do-pobrania\/"]}]},{"@type":"ImageObject","inLanguage":"de","@id":"https:\/\/frametek.pl\/de\/materialy-do-pobrania\/#primaryimage","url":"https:\/\/frametek.pl\/wp-content\/plugins\/elementor\/assets\/images\/placeholder.png","contentUrl":"https:\/\/frametek.pl\/wp-content\/plugins\/elementor\/assets\/images\/placeholder.png"},{"@type":"BreadcrumbList","@id":"https:\/\/frametek.pl\/de\/materialy-do-pobrania\/#breadcrumb","itemListElement":[{"@type":"ListItem","position":1,"name":"Strona g\u0142\u00f3wna","item":"https:\/\/frametek.pl\/de\/"},{"@type":"ListItem","position":2,"name":"Materia\u0142y do pobrania"}]},{"@type":"WebSite","@id":"https:\/\/frametek.pl\/de\/#website","url":"https:\/\/frametek.pl\/de\/","name":"Frametek","description":"","publisher":{"@id":"https:\/\/frametek.pl\/de\/#organization"},"potentialAction":[{"@type":"SearchAction","target":{"@type":"EntryPoint","urlTemplate":"https:\/\/frametek.pl\/de\/?s={search_term_string}"},"query-input":"required name=search_term_string"}],"inLanguage":"de"},{"@type":"Organization","@id":"https:\/\/frametek.pl\/de\/#organization","name":"Frametek","url":"https:\/\/frametek.pl\/de\/","logo":{"@type":"ImageObject","inLanguage":"de","@id":"https:\/\/frametek.pl\/de\/#\/schema\/logo\/image\/","url":"https:\/\/frametek.pl\/wp-content\/uploads\/2023\/09\/logo.png","contentUrl":"https:\/\/frametek.pl\/wp-content\/uploads\/2023\/09\/logo.png","width":101,"height":123,"caption":"Frametek"},"image":{"@id":"https:\/\/frametek.pl\/de\/#\/schema\/logo\/image\/"}}]}},"_links":{"self":[{"href":"https:\/\/frametek.pl\/de\/wp-json\/wp\/v2\/pages\/2629"}],"collection":[{"href":"https:\/\/frametek.pl\/de\/wp-json\/wp\/v2\/pages"}],"about":[{"href":"https:\/\/frametek.pl\/de\/wp-json\/wp\/v2\/types\/page"}],"author":[{"embeddable":true,"href":"https:\/\/frametek.pl\/de\/wp-json\/wp\/v2\/users\/1"}],"replies":[{"embeddable":true,"href":"https:\/\/frametek.pl\/de\/wp-json\/wp\/v2\/comments?post=2629"}],"version-history":[{"count":0,"href":"https:\/\/frametek.pl\/de\/wp-json\/wp\/v2\/pages\/2629\/revisions"}],"wp:attachment":[{"href":"https:\/\/frametek.pl\/de\/wp-json\/wp\/v2\/media?parent=2629"}],"curies":[{"name":"wp","href":"https:\/\/api.w.org\/{rel}","templated":true}]}}