{"id":2647,"date":"2023-09-06T12:48:54","date_gmt":"2023-09-06T10:48:54","guid":{"rendered":"https:\/\/frametek.pl\/o-nas\/"},"modified":"2023-09-06T12:48:54","modified_gmt":"2023-09-06T10:48:54","slug":"o-nas","status":"publish","type":"page","link":"https:\/\/frametek.pl\/de\/o-nas\/","title":{"rendered":"O nas"},"content":{"rendered":"\t\t<div data-elementor-type=\"wp-page\" data-elementor-id=\"2647\" class=\"elementor elementor-2647 elementor-72\" data-elementor-post-type=\"page\">\n\t\t\t\t\t\t\t\t\t<section class=\"elementor-section elementor-top-section elementor-element elementor-element-fdd1b57 elementor-section-height-min-height elementor-section-boxed elementor-section-height-default elementor-section-items-middle\" data-id=\"fdd1b57\" data-element_type=\"section\" data-settings=\"{&quot;background_background&quot;:&quot;classic&quot;}\">\n\t\t\t\t\t\t<div class=\"elementor-container elementor-column-gap-default\">\n\t\t\t\t\t<div class=\"elementor-column elementor-col-50 elementor-top-column elementor-element elementor-element-1039f60\" data-id=\"1039f60\" data-element_type=\"column\">\n\t\t\t<div class=\"elementor-widget-wrap elementor-element-populated\">\n\t\t\t\t\t\t\t\t<div class=\"elementor-element elementor-element-645a290 elementor-widget elementor-widget-heading\" data-id=\"645a290\" data-element_type=\"widget\" data-widget_type=\"heading.default\">\n\t\t\t\t<div class=\"elementor-widget-container\">\n\t\t\t<h2 class=\"elementor-heading-title elementor-size-default\">O nas<\/h2>\t\t<\/div>\n\t\t\t\t<\/div>\n\t\t\t\t<div class=\"elementor-element elementor-element-b7f4ae4 elementor-widget__width-initial elementor-widget-mobile__width-inherit elementor-widget elementor-widget-text-editor\" data-id=\"b7f4ae4\" data-element_type=\"widget\" data-widget_type=\"text-editor.default\">\n\t\t\t\t<div class=\"elementor-widget-container\">\n\t\t\t\t\t\t\t<p>FRAMATEK \u2013 nowoczesne budownictwo oparte na konstrukcjach stalowych<\/p>\t\t\t\t\t\t<\/div>\n\t\t\t\t<\/div>\n\t\t\t\t<div class=\"elementor-element elementor-element-26c651b elementor-widget__width-initial elementor-widget-mobile__width-inherit elementor-widget elementor-widget-text-editor\" data-id=\"26c651b\" data-element_type=\"widget\" data-widget_type=\"text-editor.default\">\n\t\t\t\t<div class=\"elementor-widget-container\">\n\t\t\t\t\t\t\t<p>Jeste\u015bmy dynamiczn\u0105 firm\u0105, kt\u00f3ra specjalizuje si\u0119 w tworzeniu innowacyjnych projekt\u00f3w budowlanych opartych na konstrukcji stalowej. Wyr\u00f3\u017cnia nas nie tylko pasja, ale tak\u017ce do\u015bwiadczenie i wysokie kompetencje. Skrupulatnie poszerzamy nasz\u0105 wiedz\u0119 i poszukujemy nowatorskich rozwi\u0105za\u0144 po to, by zaoferowa\u0107 naszym klientom to, co najcenniejsze \u2013 jako\u015b\u0107, terminowo\u015b\u0107 i profesjonalizm. <\/p>\t\t\t\t\t\t<\/div>\n\t\t\t\t<\/div>\n\t\t\t\t\t<\/div>\n\t\t<\/div>\n\t\t\t\t<div class=\"elementor-column elementor-col-50 elementor-top-column elementor-element elementor-element-7a4e1fa d-mobile-none\" data-id=\"7a4e1fa\" data-element_type=\"column\">\n\t\t\t<div class=\"elementor-widget-wrap\">\n\t\t\t\t\t\t\t\t\t<\/div>\n\t\t<\/div>\n\t\t\t\t\t\t\t<\/div>\n\t\t<\/section>\n\t\t\t\t<section class=\"elementor-section elementor-top-section elementor-element elementor-element-126343e elementor-section-full_width elementor-section-content-middle elementor-reverse-tablet elementor-reverse-mobile elementor-section-height-default elementor-section-height-default\" data-id=\"126343e\" data-element_type=\"section\" data-settings=\"{&quot;background_background&quot;:&quot;classic&quot;}\">\n\t\t\t\t\t\t<div class=\"elementor-container elementor-column-gap-default\">\n\t\t\t\t\t<div class=\"elementor-column elementor-col-50 elementor-top-column elementor-element elementor-element-e30c2d3 d-mobile-none\" data-id=\"e30c2d3\" data-element_type=\"column\" data-settings=\"{&quot;background_background&quot;:&quot;classic&quot;}\">\n\t\t\t<div class=\"elementor-widget-wrap elementor-element-populated\">\n\t\t\t\t\t\t\t\t<div class=\"elementor-element elementor-element-c9edee7 elementor-widget elementor-widget-spacer\" data-id=\"c9edee7\" data-element_type=\"widget\" data-widget_type=\"spacer.default\">\n\t\t\t\t<div class=\"elementor-widget-container\">\n\t\t\t\t\t<div class=\"elementor-spacer\">\n\t\t\t<div class=\"elementor-spacer-inner\"><\/div>\n\t\t<\/div>\n\t\t\t\t<\/div>\n\t\t\t\t<\/div>\n\t\t\t\t\t<\/div>\n\t\t<\/div>\n\t\t\t\t<div class=\"elementor-column elementor-col-50 elementor-top-column elementor-element elementor-element-67e7c3d\" data-id=\"67e7c3d\" data-element_type=\"column\" data-settings=\"{&quot;background_background&quot;:&quot;classic&quot;}\">\n\t\t\t<div class=\"elementor-widget-wrap elementor-element-populated\">\n\t\t\t\t\t\t\t\t<section class=\"elementor-section elementor-inner-section elementor-element elementor-element-e770af5 f-left elementor-section-boxed elementor-section-height-default elementor-section-height-default\" data-id=\"e770af5\" data-element_type=\"section\">\n\t\t\t\t\t\t<div class=\"elementor-container elementor-column-gap-default\">\n\t\t\t\t\t<div class=\"elementor-column elementor-col-100 elementor-inner-column elementor-element elementor-element-11782f2\" data-id=\"11782f2\" data-element_type=\"column\">\n\t\t\t<div class=\"elementor-widget-wrap elementor-element-populated\">\n\t\t\t\t\t\t\t\t<div class=\"elementor-element elementor-element-75c2050 elementor-widget elementor-widget-heading\" data-id=\"75c2050\" data-element_type=\"widget\" data-widget_type=\"heading.default\">\n\t\t\t\t<div class=\"elementor-widget-container\">\n\t\t\t<h2 class=\"elementor-heading-title elementor-size-default\">Nasz misja<\/h2>\t\t<\/div>\n\t\t\t\t<\/div>\n\t\t\t\t<div class=\"elementor-element elementor-element-5235bc6 elementor-widget__width-initial elementor-widget-tablet__width-inherit elementor-widget elementor-widget-text-editor\" data-id=\"5235bc6\" data-element_type=\"widget\" data-widget_type=\"text-editor.default\">\n\t\t\t\t<div class=\"elementor-widget-container\">\n\t\t\t\t\t\t\t<p>Naszym celem jest dostarczenie kompleksowych rozwi\u0105za\u0144 budowlanych \u015bci\u015ble zwi\u0105zanych z konstrukcj\u0105 stalow\u0105. D\u0105\u017cymy do doskona\u0142o\u015bci w ka\u017cdym projekcie, aby spe\u0142nia\u0107 unikalne potrzeby i wymagania naszych klient\u00f3w. Jeste\u015bmy \u015bwiadomi, \u017ce czas jest kluczowym elementem ka\u017cdej budowy, dlatego nasze konstrukcje stalowe wykonywane s\u0105 w zdecydowanie kr\u00f3tszym czasie w por\u00f3wnaniu do tradycyjnych rozwi\u0105za\u0144 budowlanych.<\/p>\t\t\t\t\t\t<\/div>\n\t\t\t\t<\/div>\n\t\t\t\t\t<\/div>\n\t\t<\/div>\n\t\t\t\t\t\t\t<\/div>\n\t\t<\/section>\n\t\t\t\t\t<\/div>\n\t\t<\/div>\n\t\t\t\t\t\t\t<\/div>\n\t\t<\/section>\n\t\t\t\t<section class=\"elementor-section elementor-top-section elementor-element elementor-element-eb9e018 elementor-section-boxed elementor-section-height-default elementor-section-height-default\" data-id=\"eb9e018\" data-element_type=\"section\" data-settings=\"{&quot;background_background&quot;:&quot;classic&quot;}\">\n\t\t\t\t\t\t<div class=\"elementor-container elementor-column-gap-default\">\n\t\t\t\t\t<div class=\"elementor-column elementor-col-100 elementor-top-column elementor-element elementor-element-3e3d464\" data-id=\"3e3d464\" data-element_type=\"column\" data-settings=\"{&quot;background_background&quot;:&quot;classic&quot;}\">\n\t\t\t<div class=\"elementor-widget-wrap elementor-element-populated\">\n\t\t\t\t\t\t\t\t<section class=\"elementor-section elementor-inner-section elementor-element elementor-element-7489feb elementor-section-boxed elementor-section-height-default elementor-section-height-default\" data-id=\"7489feb\" data-element_type=\"section\">\n\t\t\t\t\t\t<div class=\"elementor-container elementor-column-gap-default\">\n\t\t\t\t\t<div class=\"elementor-column elementor-col-50 elementor-inner-column elementor-element elementor-element-80646b6 dark-before\" data-id=\"80646b6\" data-element_type=\"column\" data-settings=\"{&quot;background_background&quot;:&quot;classic&quot;}\">\n\t\t\t<div class=\"elementor-widget-wrap elementor-element-populated\">\n\t\t\t\t\t\t\t\t<div class=\"elementor-element elementor-element-0cdd184 elementor-widget__width-initial elementor-widget elementor-widget-text-editor\" data-id=\"0cdd184\" data-element_type=\"widget\" data-widget_type=\"text-editor.default\">\n\t\t\t\t<div class=\"elementor-widget-container\">\n\t\t\t\t\t\t\t<p>FRAMETEK oferuje szeroki zakres us\u0142ug zwi\u0105zanych z projektowaniem konstrukcji stalowych.<\/p>\t\t\t\t\t\t<\/div>\n\t\t\t\t<\/div>\n\t\t\t\t<div class=\"elementor-element elementor-element-6660f0f elementor-widget__width-initial elementor-widget elementor-widget-text-editor\" data-id=\"6660f0f\" data-element_type=\"widget\" data-widget_type=\"text-editor.default\">\n\t\t\t\t<div class=\"elementor-widget-container\">\n\t\t\t\t\t\t\t<p>Niezale\u017cnie od skali projektu \u2013 od ma\u0142ych obiekt\u00f3w po wielofunkcyjne kompleksy \u2013 podchodzimy do ka\u017cdego zadania z ogromnym zaanga\u017cowaniem.\u00a0<\/p>\t\t\t\t\t\t<\/div>\n\t\t\t\t<\/div>\n\t\t\t\t\t<\/div>\n\t\t<\/div>\n\t\t\t\t<div class=\"elementor-column elementor-col-50 elementor-inner-column elementor-element elementor-element-6c5b2ac d-mobile-none\" data-id=\"6c5b2ac\" data-element_type=\"column\">\n\t\t\t<div class=\"elementor-widget-wrap\">\n\t\t\t\t\t\t\t\t\t<\/div>\n\t\t<\/div>\n\t\t\t\t\t\t\t<\/div>\n\t\t<\/section>\n\t\t\t\t\t<\/div>\n\t\t<\/div>\n\t\t\t\t\t\t\t<\/div>\n\t\t<\/section>\n\t\t\t\t\t\t\t<\/div>\n\t\t","protected":false},"excerpt":{"rendered":"<p>O nas FRAMATEK \u2013 nowoczesne budownictwo oparte na konstrukcjach stalowych Jeste\u015bmy dynamiczn\u0105 firm\u0105, kt\u00f3ra specjalizuje si\u0119 w tworzeniu innowacyjnych projekt\u00f3w budowlanych opartych na konstrukcji stalowej. Wyr\u00f3\u017cnia nas nie tylko pasja, ale tak\u017ce do\u015bwiadczenie i wysokie kompetencje. Skrupulatnie poszerzamy nasz\u0105 wiedz\u0119 i poszukujemy nowatorskich rozwi\u0105za\u0144 po to, by zaoferowa\u0107 naszym klientom to, co najcenniejsze \u2013 jako\u015b\u0107, [&hellip;]<\/p>\n","protected":false},"author":1,"featured_media":0,"parent":0,"menu_order":0,"comment_status":"closed","ping_status":"closed","template":"elementor_header_footer","meta":{"footnotes":""},"acf":[],"yoast_head":"<!-- This site is optimized with the Yoast SEO plugin v22.4 - https:\/\/yoast.com\/wordpress\/plugins\/seo\/ -->\n<title>O nas - Frametek<\/title>\n<meta name=\"robots\" content=\"index, follow, max-snippet:-1, max-image-preview:large, max-video-preview:-1\" \/>\n<link rel=\"canonical\" href=\"https:\/\/frametek.pl\/de\/o-nas\/\" \/>\n<meta property=\"og:locale\" content=\"de_DE\" \/>\n<meta property=\"og:type\" content=\"article\" \/>\n<meta property=\"og:title\" content=\"O nas - Frametek\" \/>\n<meta property=\"og:description\" content=\"O nas FRAMATEK \u2013 nowoczesne budownictwo oparte na konstrukcjach stalowych Jeste\u015bmy dynamiczn\u0105 firm\u0105, kt\u00f3ra specjalizuje si\u0119 w tworzeniu innowacyjnych projekt\u00f3w budowlanych opartych na konstrukcji stalowej. Wyr\u00f3\u017cnia nas nie tylko pasja, ale tak\u017ce do\u015bwiadczenie i wysokie kompetencje. Skrupulatnie poszerzamy nasz\u0105 wiedz\u0119 i poszukujemy nowatorskich rozwi\u0105za\u0144 po to, by zaoferowa\u0107 naszym klientom to, co najcenniejsze \u2013 jako\u015b\u0107, [&hellip;]\" \/>\n<meta property=\"og:url\" content=\"https:\/\/frametek.pl\/de\/o-nas\/\" \/>\n<meta property=\"og:site_name\" content=\"Frametek\" \/>\n<meta name=\"twitter:card\" content=\"summary_large_image\" \/>\n<meta name=\"twitter:label1\" content=\"Gesch\u00e4tzte Lesezeit\" \/>\n\t<meta name=\"twitter:data1\" content=\"1\u00a0Minute\" \/>\n<script type=\"application\/ld+json\" class=\"yoast-schema-graph\">{\"@context\":\"https:\/\/schema.org\",\"@graph\":[{\"@type\":\"WebPage\",\"@id\":\"https:\/\/frametek.pl\/de\/o-nas\/\",\"url\":\"https:\/\/frametek.pl\/de\/o-nas\/\",\"name\":\"O nas - Frametek\",\"isPartOf\":{\"@id\":\"https:\/\/frametek.pl\/de\/#website\"},\"datePublished\":\"2023-09-06T10:48:54+00:00\",\"dateModified\":\"2023-09-06T10:48:54+00:00\",\"breadcrumb\":{\"@id\":\"https:\/\/frametek.pl\/de\/o-nas\/#breadcrumb\"},\"inLanguage\":\"de\",\"potentialAction\":[{\"@type\":\"ReadAction\",\"target\":[\"https:\/\/frametek.pl\/de\/o-nas\/\"]}]},{\"@type\":\"BreadcrumbList\",\"@id\":\"https:\/\/frametek.pl\/de\/o-nas\/#breadcrumb\",\"itemListElement\":[{\"@type\":\"ListItem\",\"position\":1,\"name\":\"Strona g\u0142\u00f3wna\",\"item\":\"https:\/\/frametek.pl\/de\/\"},{\"@type\":\"ListItem\",\"position\":2,\"name\":\"O nas\"}]},{\"@type\":\"WebSite\",\"@id\":\"https:\/\/frametek.pl\/de\/#website\",\"url\":\"https:\/\/frametek.pl\/de\/\",\"name\":\"Frametek\",\"description\":\"\",\"publisher\":{\"@id\":\"https:\/\/frametek.pl\/de\/#organization\"},\"potentialAction\":[{\"@type\":\"SearchAction\",\"target\":{\"@type\":\"EntryPoint\",\"urlTemplate\":\"https:\/\/frametek.pl\/de\/?s={search_term_string}\"},\"query-input\":\"required name=search_term_string\"}],\"inLanguage\":\"de\"},{\"@type\":\"Organization\",\"@id\":\"https:\/\/frametek.pl\/de\/#organization\",\"name\":\"Frametek\",\"url\":\"https:\/\/frametek.pl\/de\/\",\"logo\":{\"@type\":\"ImageObject\",\"inLanguage\":\"de\",\"@id\":\"https:\/\/frametek.pl\/de\/#\/schema\/logo\/image\/\",\"url\":\"https:\/\/frametek.pl\/wp-content\/uploads\/2023\/09\/logo.png\",\"contentUrl\":\"https:\/\/frametek.pl\/wp-content\/uploads\/2023\/09\/logo.png\",\"width\":101,\"height\":123,\"caption\":\"Frametek\"},\"image\":{\"@id\":\"https:\/\/frametek.pl\/de\/#\/schema\/logo\/image\/\"}}]}<\/script>\n<!-- \/ Yoast SEO plugin. -->","yoast_head_json":{"title":"O nas - Frametek","robots":{"index":"index","follow":"follow","max-snippet":"max-snippet:-1","max-image-preview":"max-image-preview:large","max-video-preview":"max-video-preview:-1"},"canonical":"https:\/\/frametek.pl\/de\/o-nas\/","og_locale":"de_DE","og_type":"article","og_title":"O nas - Frametek","og_description":"O nas FRAMATEK \u2013 nowoczesne budownictwo oparte na konstrukcjach stalowych Jeste\u015bmy dynamiczn\u0105 firm\u0105, kt\u00f3ra specjalizuje si\u0119 w tworzeniu innowacyjnych projekt\u00f3w budowlanych opartych na konstrukcji stalowej. Wyr\u00f3\u017cnia nas nie tylko pasja, ale tak\u017ce do\u015bwiadczenie i wysokie kompetencje. Skrupulatnie poszerzamy nasz\u0105 wiedz\u0119 i poszukujemy nowatorskich rozwi\u0105za\u0144 po to, by zaoferowa\u0107 naszym klientom to, co najcenniejsze \u2013 jako\u015b\u0107, [&hellip;]","og_url":"https:\/\/frametek.pl\/de\/o-nas\/","og_site_name":"Frametek","twitter_card":"summary_large_image","twitter_misc":{"Gesch\u00e4tzte Lesezeit":"1\u00a0Minute"},"schema":{"@context":"https:\/\/schema.org","@graph":[{"@type":"WebPage","@id":"https:\/\/frametek.pl\/de\/o-nas\/","url":"https:\/\/frametek.pl\/de\/o-nas\/","name":"O nas - Frametek","isPartOf":{"@id":"https:\/\/frametek.pl\/de\/#website"},"datePublished":"2023-09-06T10:48:54+00:00","dateModified":"2023-09-06T10:48:54+00:00","breadcrumb":{"@id":"https:\/\/frametek.pl\/de\/o-nas\/#breadcrumb"},"inLanguage":"de","potentialAction":[{"@type":"ReadAction","target":["https:\/\/frametek.pl\/de\/o-nas\/"]}]},{"@type":"BreadcrumbList","@id":"https:\/\/frametek.pl\/de\/o-nas\/#breadcrumb","itemListElement":[{"@type":"ListItem","position":1,"name":"Strona g\u0142\u00f3wna","item":"https:\/\/frametek.pl\/de\/"},{"@type":"ListItem","position":2,"name":"O nas"}]},{"@type":"WebSite","@id":"https:\/\/frametek.pl\/de\/#website","url":"https:\/\/frametek.pl\/de\/","name":"Frametek","description":"","publisher":{"@id":"https:\/\/frametek.pl\/de\/#organization"},"potentialAction":[{"@type":"SearchAction","target":{"@type":"EntryPoint","urlTemplate":"https:\/\/frametek.pl\/de\/?s={search_term_string}"},"query-input":"required name=search_term_string"}],"inLanguage":"de"},{"@type":"Organization","@id":"https:\/\/frametek.pl\/de\/#organization","name":"Frametek","url":"https:\/\/frametek.pl\/de\/","logo":{"@type":"ImageObject","inLanguage":"de","@id":"https:\/\/frametek.pl\/de\/#\/schema\/logo\/image\/","url":"https:\/\/frametek.pl\/wp-content\/uploads\/2023\/09\/logo.png","contentUrl":"https:\/\/frametek.pl\/wp-content\/uploads\/2023\/09\/logo.png","width":101,"height":123,"caption":"Frametek"},"image":{"@id":"https:\/\/frametek.pl\/de\/#\/schema\/logo\/image\/"}}]}},"_links":{"self":[{"href":"https:\/\/frametek.pl\/de\/wp-json\/wp\/v2\/pages\/2647"}],"collection":[{"href":"https:\/\/frametek.pl\/de\/wp-json\/wp\/v2\/pages"}],"about":[{"href":"https:\/\/frametek.pl\/de\/wp-json\/wp\/v2\/types\/page"}],"author":[{"embeddable":true,"href":"https:\/\/frametek.pl\/de\/wp-json\/wp\/v2\/users\/1"}],"replies":[{"embeddable":true,"href":"https:\/\/frametek.pl\/de\/wp-json\/wp\/v2\/comments?post=2647"}],"version-history":[{"count":0,"href":"https:\/\/frametek.pl\/de\/wp-json\/wp\/v2\/pages\/2647\/revisions"}],"wp:attachment":[{"href":"https:\/\/frametek.pl\/de\/wp-json\/wp\/v2\/media?parent=2647"}],"curies":[{"name":"wp","href":"https:\/\/api.w.org\/{rel}","templated":true}]}}