{"id":2655,"date":"2023-09-06T12:49:51","date_gmt":"2023-09-06T10:49:51","guid":{"rendered":"https:\/\/frametek.pl\/wspolpraca\/"},"modified":"2023-09-26T12:26:57","modified_gmt":"2023-09-26T10:26:57","slug":"wspolpraca","status":"publish","type":"page","link":"https:\/\/frametek.pl\/de\/wspolpraca\/","title":{"rendered":"Wsp\u00f3\u0142praca"},"content":{"rendered":"\t\t<div data-elementor-type=\"wp-page\" data-elementor-id=\"2655\" class=\"elementor elementor-2655 elementor-78\" data-elementor-post-type=\"page\">\n\t\t\t\t\t\t\t\t\t<section class=\"elementor-section elementor-top-section elementor-element elementor-element-bacca6e elementor-section-height-min-height elementor-section-boxed elementor-section-height-default elementor-section-items-middle\" data-id=\"bacca6e\" data-element_type=\"section\" data-settings=\"{&quot;background_background&quot;:&quot;classic&quot;}\">\n\t\t\t\t\t\t<div class=\"elementor-container elementor-column-gap-default\">\n\t\t\t\t\t<div class=\"elementor-column elementor-col-50 elementor-top-column elementor-element elementor-element-8009977\" data-id=\"8009977\" data-element_type=\"column\">\n\t\t\t<div class=\"elementor-widget-wrap elementor-element-populated\">\n\t\t\t\t\t\t\t\t<div class=\"elementor-element elementor-element-7ac17a8 elementor-widget elementor-widget-heading\" data-id=\"7ac17a8\" data-element_type=\"widget\" data-widget_type=\"heading.default\">\n\t\t\t\t<div class=\"elementor-widget-container\">\n\t\t\t<h2 class=\"elementor-heading-title elementor-size-default\">WSP\u00d3\u0141PRACA<\/h2>\t\t<\/div>\n\t\t\t\t<\/div>\n\t\t\t\t<div class=\"elementor-element elementor-element-77646b1 elementor-widget elementor-widget-heading\" data-id=\"77646b1\" data-element_type=\"widget\" data-widget_type=\"heading.default\">\n\t\t\t\t<div class=\"elementor-widget-container\">\n\t\t\t<h2 class=\"elementor-heading-title elementor-size-default\">Pracuj z nami<\/h2>\t\t<\/div>\n\t\t\t\t<\/div>\n\t\t\t\t<div class=\"elementor-element elementor-element-728c22f elementor-widget__width-initial elementor-widget-mobile__width-inherit elementor-widget elementor-widget-text-editor\" data-id=\"728c22f\" data-element_type=\"widget\" data-widget_type=\"text-editor.default\">\n\t\t\t\t<div class=\"elementor-widget-container\">\n\t\t\t\t\t\t\t<p class=\"p1\">Do wszystkich inwestor\u00f3w podchodzimy w pe\u0142ni profesjonalnie \u2013 niezale\u017cnie od tego, czy projektujemy ma\u0142y domek letniskowy, czy wielkopowierzchniowy budynek. Sprawd\u017a, co mo\u017cemy Ci zaoferowa\u0107!<\/p>\t\t\t\t\t\t<\/div>\n\t\t\t\t<\/div>\n\t\t\t\t\t<\/div>\n\t\t<\/div>\n\t\t\t\t<div class=\"elementor-column elementor-col-50 elementor-top-column elementor-element elementor-element-01a4020 d-mobile-none\" data-id=\"01a4020\" data-element_type=\"column\">\n\t\t\t<div class=\"elementor-widget-wrap\">\n\t\t\t\t\t\t\t\t\t<\/div>\n\t\t<\/div>\n\t\t\t\t\t\t\t<\/div>\n\t\t<\/section>\n\t\t\t\t<section class=\"elementor-section elementor-top-section elementor-element elementor-element-6d708d5 elementor-section-boxed elementor-section-height-default elementor-section-height-default\" data-id=\"6d708d5\" data-element_type=\"section\">\n\t\t\t\t\t\t<div class=\"elementor-container elementor-column-gap-default\">\n\t\t\t\t\t<div class=\"elementor-column elementor-col-50 elementor-top-column elementor-element elementor-element-ac48763 architekt\" data-id=\"ac48763\" data-element_type=\"column\">\n\t\t\t<div class=\"elementor-widget-wrap elementor-element-populated\">\n\t\t\t\t\t\t\t\t<div class=\"elementor-element elementor-element-817ab4c elementor-widget elementor-widget-image\" data-id=\"817ab4c\" data-element_type=\"widget\" data-widget_type=\"image.default\">\n\t\t\t\t<div class=\"elementor-widget-container\">\n\t\t\t\t\t\t\t\t\t\t\t\t\t\t\t<img decoding=\"async\" loading=\"lazy\" width=\"44\" height=\"50\" src=\"https:\/\/frametek.pl\/wp-content\/uploads\/2023\/09\/dla-architekta.svg\" class=\"attachment-large size-large wp-image-2056\" alt=\"\" \/>\t\t\t\t\t\t\t\t\t\t\t\t\t\t\t<\/div>\n\t\t\t\t<\/div>\n\t\t\t\t<div class=\"elementor-element elementor-element-532b3cc elementor-widget__width-initial elementor-widget elementor-widget-heading\" data-id=\"532b3cc\" data-element_type=\"widget\" data-widget_type=\"heading.default\">\n\t\t\t\t<div class=\"elementor-widget-container\">\n\t\t\t<h2 class=\"elementor-heading-title elementor-size-default\">Dla architekta<\/h2>\t\t<\/div>\n\t\t\t\t<\/div>\n\t\t\t\t<div class=\"elementor-element elementor-element-0b58073 elementor-widget__width-initial text1 show-more-height elementor-widget elementor-widget-text-editor\" data-id=\"0b58073\" data-element_type=\"widget\" data-widget_type=\"text-editor.default\">\n\t\t\t\t<div class=\"elementor-widget-container\">\n\t\t\t\t\t\t\t<p>Ka\u017cda budowa zaczyna si\u0119 od projektu, a z FRAMATEK b\u0119dziesz w stanie sprosta\u0107 oczekiwaniom nawet najbardziej wymagaj\u0105cych klient\u00f3w. <br \/>Bezkompromisowe projekty, wysoka jako\u015b\u0107, nieszablonowy design, kr\u00f3tki czas wykonania i ekologia to jedne z wa\u017cniejszych wyr\u00f3\u017cnik\u00f3w dzisiejszych inwestor\u00f3w indywidualnych. Je\u015bli chcesz dotrze\u0107 do nowych klient\u00f3w, to do\u0142\u0105cz do nas i projektuj budynki w innowacyjnej, lekkiej konstrukcji stalowej.<\/p>\t\t\t\t\t\t<\/div>\n\t\t\t\t<\/div>\n\t\t\t\t<div class=\"elementor-element elementor-element-83e8fa2 elementor-widget__width-initial elementor-widget elementor-widget-html\" data-id=\"83e8fa2\" data-element_type=\"widget\" data-widget_type=\"html.default\">\n\t\t\t\t<div class=\"elementor-widget-container\">\n\t\t\t<div class=\"show-more\">Wi\u0119cej<\/div>\t\t<\/div>\n\t\t\t\t<\/div>\n\t\t\t\t\t<\/div>\n\t\t<\/div>\n\t\t\t\t<div class=\"elementor-column elementor-col-50 elementor-top-column elementor-element elementor-element-72658da deweloper\" data-id=\"72658da\" data-element_type=\"column\">\n\t\t\t<div class=\"elementor-widget-wrap elementor-element-populated\">\n\t\t\t\t\t\t\t\t<div class=\"elementor-element elementor-element-81827cd elementor-widget elementor-widget-image\" data-id=\"81827cd\" data-element_type=\"widget\" data-widget_type=\"image.default\">\n\t\t\t\t<div class=\"elementor-widget-container\">\n\t\t\t\t\t\t\t\t\t\t\t\t\t\t\t<img decoding=\"async\" loading=\"lazy\" width=\"59\" height=\"51\" src=\"https:\/\/frametek.pl\/wp-content\/uploads\/2023\/09\/dla-deva.svg\" class=\"attachment-large size-large wp-image-2054\" alt=\"\" \/>\t\t\t\t\t\t\t\t\t\t\t\t\t\t\t<\/div>\n\t\t\t\t<\/div>\n\t\t\t\t<div class=\"elementor-element elementor-element-fb34ff3 elementor-widget__width-initial elementor-widget elementor-widget-heading\" data-id=\"fb34ff3\" data-element_type=\"widget\" data-widget_type=\"heading.default\">\n\t\t\t\t<div class=\"elementor-widget-container\">\n\t\t\t<h2 class=\"elementor-heading-title elementor-size-default\">Dla dewelopera<\/h2>\t\t<\/div>\n\t\t\t\t<\/div>\n\t\t\t\t<div class=\"elementor-element elementor-element-9d6477c elementor-widget__width-initial text2 show-more-height elementor-widget elementor-widget-text-editor\" data-id=\"9d6477c\" data-element_type=\"widget\" data-widget_type=\"text-editor.default\">\n\t\t\t\t<div class=\"elementor-widget-container\">\n\t\t\t\t\t\t\t<p>Nowoczesne podej\u015bcie do budownictwa to po\u0142\u0105czenie kr\u00f3tkiego czasu realizacji, optymalizacji koszt\u00f3w i poszanowania \u015brodowiska naturalnego. Je\u015bli chcesz odpowiada\u0107 na potrzeby rynku i cieszy\u0107 si\u0119 szybkim zwrotem z inwestycji, do\u0142\u0105cz do FRAMATEK &#8211; oferujemy szybkie, trwa\u0142e, bezpieczne, ekologiczne i ekonomiczne rozwi\u0105zania dla budynk\u00f3w jedno- i wielorodzinnych oraz obiekt\u00f3w u\u017cyteczno\u015bci publicznej. <br \/>Postaw na przysz\u0142o\u015b\u0107, w kt\u00f3rej technologia i troska o \u015brodowisko \u0142\u0105cz\u0105 si\u0119 w doskona\u0142ej harmonii \u2013 razem stworzymy lepsze i bardziej zr\u00f3wnowa\u017cone budownictwo.<\/p>\t\t\t\t\t\t<\/div>\n\t\t\t\t<\/div>\n\t\t\t\t<div class=\"elementor-element elementor-element-51401da elementor-widget__width-initial elementor-widget elementor-widget-html\" data-id=\"51401da\" data-element_type=\"widget\" data-widget_type=\"html.default\">\n\t\t\t\t<div class=\"elementor-widget-container\">\n\t\t\t<div class=\"show-more\">Wi\u0119cej<\/div>\t\t<\/div>\n\t\t\t\t<\/div>\n\t\t\t\t\t<\/div>\n\t\t<\/div>\n\t\t\t\t\t\t\t<\/div>\n\t\t<\/section>\n\t\t\t\t<section class=\"elementor-section elementor-top-section elementor-element elementor-element-e916449 elementor-section-boxed elementor-section-height-default elementor-section-height-default\" data-id=\"e916449\" data-element_type=\"section\">\n\t\t\t\t\t\t<div class=\"elementor-container elementor-column-gap-default\">\n\t\t\t\t\t<div class=\"elementor-column elementor-col-50 elementor-top-column elementor-element elementor-element-7e8f319 indywidualny\" data-id=\"7e8f319\" data-element_type=\"column\">\n\t\t\t<div class=\"elementor-widget-wrap elementor-element-populated\">\n\t\t\t\t\t\t\t\t<div class=\"elementor-element elementor-element-a9c9cdd elementor-widget elementor-widget-image\" data-id=\"a9c9cdd\" data-element_type=\"widget\" data-widget_type=\"image.default\">\n\t\t\t\t<div class=\"elementor-widget-container\">\n\t\t\t\t\t\t\t\t\t\t\t\t\t\t\t<img decoding=\"async\" loading=\"lazy\" width=\"42\" height=\"48\" src=\"https:\/\/frametek.pl\/wp-content\/uploads\/2023\/09\/dla-klienta.svg\" class=\"attachment-large size-large wp-image-2052\" alt=\"\" \/>\t\t\t\t\t\t\t\t\t\t\t\t\t\t\t<\/div>\n\t\t\t\t<\/div>\n\t\t\t\t<div class=\"elementor-element elementor-element-67f260c elementor-widget__width-initial elementor-widget elementor-widget-heading\" data-id=\"67f260c\" data-element_type=\"widget\" data-widget_type=\"heading.default\">\n\t\t\t\t<div class=\"elementor-widget-container\">\n\t\t\t<h2 class=\"elementor-heading-title elementor-size-default\">Dla klienta indywidualnego<\/h2>\t\t<\/div>\n\t\t\t\t<\/div>\n\t\t\t\t<div class=\"elementor-element elementor-element-ea0679e elementor-widget__width-initial text3 show-more-height elementor-widget elementor-widget-text-editor\" data-id=\"ea0679e\" data-element_type=\"widget\" data-widget_type=\"text-editor.default\">\n\t\t\t\t<div class=\"elementor-widget-container\">\n\t\t\t\t\t\t\t<p>Marzysz o energooszcz\u0119dnym domu wyr\u00f3\u017cniaj\u0105cym si\u0119 nowoczesnym designem? \u015awietnie trafi\u0142e\u015b &#8211; wykorzystywana przez nas technologia pozwoli na realizacj\u0119 Twojej wizji. FRAMATEK to ekologiczne, ekonomiczne i szybkie w budowie rozwi\u0105zania oparte na konstrukcji stalowej. Wykorzystywana przez nas stal charakteryzuje si\u0119 wysok\u0105 trwa\u0142o\u015bci\u0105, odporno\u015bci\u0105 na rdzewienie oraz korozj\u0119, co sprawia, \u017ce wszystkie nasze konstrukcje s\u0105 niesamowicie wytrzyma\u0142e. <br \/>Skontaktuj si\u0119 z nami \u2013 razem stworzymy projekt idealnie dobrany do Twoich potrzeb i oczekiwa\u0144!<\/p>\t\t\t\t\t\t<\/div>\n\t\t\t\t<\/div>\n\t\t\t\t<div class=\"elementor-element elementor-element-b52b6e7 elementor-widget__width-initial elementor-widget elementor-widget-html\" data-id=\"b52b6e7\" data-element_type=\"widget\" data-widget_type=\"html.default\">\n\t\t\t\t<div class=\"elementor-widget-container\">\n\t\t\t<div class=\"show-more\">Wi\u0119cej<\/div>\t\t<\/div>\n\t\t\t\t<\/div>\n\t\t\t\t\t<\/div>\n\t\t<\/div>\n\t\t\t\t<div class=\"elementor-column elementor-col-50 elementor-top-column elementor-element elementor-element-df92f70 partner\" data-id=\"df92f70\" data-element_type=\"column\">\n\t\t\t<div class=\"elementor-widget-wrap elementor-element-populated\">\n\t\t\t\t\t\t\t\t<div class=\"elementor-element elementor-element-058cb9e elementor-widget elementor-widget-image\" data-id=\"058cb9e\" data-element_type=\"widget\" data-widget_type=\"image.default\">\n\t\t\t\t<div class=\"elementor-widget-container\">\n\t\t\t\t\t\t\t\t\t\t\t\t\t\t\t<img decoding=\"async\" loading=\"lazy\" width=\"55\" height=\"44\" src=\"https:\/\/frametek.pl\/wp-content\/uploads\/2023\/09\/dla-partnera.svg\" class=\"attachment-large size-large wp-image-2050\" alt=\"\" \/>\t\t\t\t\t\t\t\t\t\t\t\t\t\t\t<\/div>\n\t\t\t\t<\/div>\n\t\t\t\t<div class=\"elementor-element elementor-element-e83a5a0 elementor-widget__width-initial elementor-widget elementor-widget-heading\" data-id=\"e83a5a0\" data-element_type=\"widget\" data-widget_type=\"heading.default\">\n\t\t\t\t<div class=\"elementor-widget-container\">\n\t\t\t<h2 class=\"elementor-heading-title elementor-size-default\">Dla partnera<\/h2>\t\t<\/div>\n\t\t\t\t<\/div>\n\t\t\t\t<div class=\"elementor-element elementor-element-bc674ac elementor-widget__width-initial text4 show-more-height elementor-widget elementor-widget-text-editor\" data-id=\"bc674ac\" data-element_type=\"widget\" data-widget_type=\"text-editor.default\">\n\t\t\t\t<div class=\"elementor-widget-container\">\n\t\t\t\t\t\t\t<p>Wejd\u017a na wy\u017cszy poziom budownictwa szkieletowego &#8211; zosta\u0144 autoryzowanym partnerem FRAMETEK. <br \/>Je\u017celi w swoich projektach d\u0105\u017cysz do zapewnienia wysokiej jako\u015bci i pe\u0142ni bezpiecze\u0144stwa, wybierz najlepsze rozwi\u0105zania prefabrykowane. Dzi\u0119ki oferowanym przez nas innowacyjnym rozwi\u0105zaniom, b\u0119dziesz budowa\u0107 szybciej, \u0142atwiej i wygodniej, a co za tym idzie &#8211; zrealizujesz jeszcze wi\u0119cej ambitnych projekt\u00f3w. <br \/>Postaw na najwy\u017csz\u0105 jako\u015b\u0107 \u2013 zdob\u0105d\u017a nowe segmenty rynku i wyskaluj swoj\u0105 prac\u0119 na wy\u017cszy poziom.<\/p>\t\t\t\t\t\t<\/div>\n\t\t\t\t<\/div>\n\t\t\t\t<div class=\"elementor-element elementor-element-44b2c42 elementor-widget__width-initial elementor-widget elementor-widget-html\" data-id=\"44b2c42\" data-element_type=\"widget\" data-widget_type=\"html.default\">\n\t\t\t\t<div class=\"elementor-widget-container\">\n\t\t\t<div class=\"show-more\">Wi\u0119cej<\/div>\t\t<\/div>\n\t\t\t\t<\/div>\n\t\t\t\t\t<\/div>\n\t\t<\/div>\n\t\t\t\t\t\t\t<\/div>\n\t\t<\/section>\n\t\t\t\t<section class=\"elementor-section elementor-top-section elementor-element elementor-element-74d7b65 elementor-section-boxed elementor-section-height-default elementor-section-height-default\" data-id=\"74d7b65\" data-element_type=\"section\">\n\t\t\t\t\t\t<div class=\"elementor-container elementor-column-gap-default\">\n\t\t\t\t\t<div class=\"elementor-column elementor-col-100 elementor-top-column elementor-element elementor-element-5799841\" data-id=\"5799841\" data-element_type=\"column\">\n\t\t\t<div class=\"elementor-widget-wrap elementor-element-populated\">\n\t\t\t\t\t\t\t\t<div class=\"elementor-element elementor-element-7ea2839 elementor-align-center elementor-widget elementor-widget-button\" data-id=\"7ea2839\" data-element_type=\"widget\" data-widget_type=\"button.default\">\n\t\t\t\t<div class=\"elementor-widget-container\">\n\t\t\t\t\t<div class=\"elementor-button-wrapper\">\n\t\t\t<a class=\"elementor-button elementor-button-link elementor-size-sm\" href=\"https:\/\/frametek.pl\/de\/kontakt\/\">\n\t\t\t\t\t\t<span class=\"elementor-button-content-wrapper\">\n\t\t\t\t\t\t<span class=\"elementor-button-text\">Formularz kontaktowy<\/span>\n\t\t<\/span>\n\t\t\t\t\t<\/a>\n\t\t<\/div>\n\t\t\t\t<\/div>\n\t\t\t\t<\/div>\n\t\t\t\t\t<\/div>\n\t\t<\/div>\n\t\t\t\t\t\t\t<\/div>\n\t\t<\/section>\n\t\t\t\t\t\t\t<\/div>\n\t\t","protected":false},"excerpt":{"rendered":"<p>WSP\u00d3\u0141PRACA Pracuj z nami Do wszystkich inwestor\u00f3w podchodzimy w pe\u0142ni profesjonalnie \u2013 niezale\u017cnie od tego, czy projektujemy ma\u0142y domek letniskowy, czy wielkopowierzchniowy budynek. Sprawd\u017a, co mo\u017cemy Ci zaoferowa\u0107! Dla architekta Ka\u017cda budowa zaczyna si\u0119 od projektu, a z FRAMATEK b\u0119dziesz w stanie sprosta\u0107 oczekiwaniom nawet najbardziej wymagaj\u0105cych klient\u00f3w. Bezkompromisowe projekty, wysoka jako\u015b\u0107, nieszablonowy design, kr\u00f3tki [&hellip;]<\/p>\n","protected":false},"author":1,"featured_media":0,"parent":0,"menu_order":0,"comment_status":"closed","ping_status":"closed","template":"elementor_header_footer","meta":{"footnotes":""},"acf":[],"yoast_head":"<!-- This site is optimized with the Yoast SEO plugin v22.4 - https:\/\/yoast.com\/wordpress\/plugins\/seo\/ -->\n<title>Wsp\u00f3\u0142praca - Frametek<\/title>\n<meta name=\"robots\" content=\"index, follow, max-snippet:-1, max-image-preview:large, max-video-preview:-1\" \/>\n<link rel=\"canonical\" href=\"https:\/\/frametek.pl\/de\/wspolpraca\/\" \/>\n<meta property=\"og:locale\" content=\"de_DE\" \/>\n<meta property=\"og:type\" content=\"article\" \/>\n<meta property=\"og:title\" content=\"Wsp\u00f3\u0142praca - Frametek\" \/>\n<meta property=\"og:description\" content=\"WSP\u00d3\u0141PRACA Pracuj z nami Do wszystkich inwestor\u00f3w podchodzimy w pe\u0142ni profesjonalnie \u2013 niezale\u017cnie od tego, czy projektujemy ma\u0142y domek letniskowy, czy wielkopowierzchniowy budynek. Sprawd\u017a, co mo\u017cemy Ci zaoferowa\u0107! Dla architekta Ka\u017cda budowa zaczyna si\u0119 od projektu, a z FRAMATEK b\u0119dziesz w stanie sprosta\u0107 oczekiwaniom nawet najbardziej wymagaj\u0105cych klient\u00f3w. Bezkompromisowe projekty, wysoka jako\u015b\u0107, nieszablonowy design, kr\u00f3tki [&hellip;]\" \/>\n<meta property=\"og:url\" content=\"https:\/\/frametek.pl\/de\/wspolpraca\/\" \/>\n<meta property=\"og:site_name\" content=\"Frametek\" \/>\n<meta property=\"article:modified_time\" content=\"2023-09-26T10:26:57+00:00\" \/>\n<meta property=\"og:image\" content=\"https:\/\/frametek.pl\/wp-content\/uploads\/2023\/09\/dla-architekta.svg\" \/>\n<meta name=\"twitter:card\" content=\"summary_large_image\" \/>\n<meta name=\"twitter:label1\" content=\"Gesch\u00e4tzte Lesezeit\" \/>\n\t<meta name=\"twitter:data1\" content=\"2\u00a0Minuten\" \/>\n<script type=\"application\/ld+json\" class=\"yoast-schema-graph\">{\"@context\":\"https:\/\/schema.org\",\"@graph\":[{\"@type\":\"WebPage\",\"@id\":\"https:\/\/frametek.pl\/de\/wspolpraca\/\",\"url\":\"https:\/\/frametek.pl\/de\/wspolpraca\/\",\"name\":\"Wsp\u00f3\u0142praca - Frametek\",\"isPartOf\":{\"@id\":\"https:\/\/frametek.pl\/de\/#website\"},\"primaryImageOfPage\":{\"@id\":\"https:\/\/frametek.pl\/de\/wspolpraca\/#primaryimage\"},\"image\":{\"@id\":\"https:\/\/frametek.pl\/de\/wspolpraca\/#primaryimage\"},\"thumbnailUrl\":\"https:\/\/frametek.pl\/wp-content\/uploads\/2023\/09\/dla-architekta.svg\",\"datePublished\":\"2023-09-06T10:49:51+00:00\",\"dateModified\":\"2023-09-26T10:26:57+00:00\",\"breadcrumb\":{\"@id\":\"https:\/\/frametek.pl\/de\/wspolpraca\/#breadcrumb\"},\"inLanguage\":\"de\",\"potentialAction\":[{\"@type\":\"ReadAction\",\"target\":[\"https:\/\/frametek.pl\/de\/wspolpraca\/\"]}]},{\"@type\":\"ImageObject\",\"inLanguage\":\"de\",\"@id\":\"https:\/\/frametek.pl\/de\/wspolpraca\/#primaryimage\",\"url\":\"https:\/\/frametek.pl\/wp-content\/uploads\/2023\/09\/dla-architekta.svg\",\"contentUrl\":\"https:\/\/frametek.pl\/wp-content\/uploads\/2023\/09\/dla-architekta.svg\"},{\"@type\":\"BreadcrumbList\",\"@id\":\"https:\/\/frametek.pl\/de\/wspolpraca\/#breadcrumb\",\"itemListElement\":[{\"@type\":\"ListItem\",\"position\":1,\"name\":\"Strona g\u0142\u00f3wna\",\"item\":\"https:\/\/frametek.pl\/de\/\"},{\"@type\":\"ListItem\",\"position\":2,\"name\":\"Wsp\u00f3\u0142praca\"}]},{\"@type\":\"WebSite\",\"@id\":\"https:\/\/frametek.pl\/de\/#website\",\"url\":\"https:\/\/frametek.pl\/de\/\",\"name\":\"Frametek\",\"description\":\"\",\"publisher\":{\"@id\":\"https:\/\/frametek.pl\/de\/#organization\"},\"potentialAction\":[{\"@type\":\"SearchAction\",\"target\":{\"@type\":\"EntryPoint\",\"urlTemplate\":\"https:\/\/frametek.pl\/de\/?s={search_term_string}\"},\"query-input\":\"required name=search_term_string\"}],\"inLanguage\":\"de\"},{\"@type\":\"Organization\",\"@id\":\"https:\/\/frametek.pl\/de\/#organization\",\"name\":\"Frametek\",\"url\":\"https:\/\/frametek.pl\/de\/\",\"logo\":{\"@type\":\"ImageObject\",\"inLanguage\":\"de\",\"@id\":\"https:\/\/frametek.pl\/de\/#\/schema\/logo\/image\/\",\"url\":\"https:\/\/frametek.pl\/wp-content\/uploads\/2023\/09\/logo.png\",\"contentUrl\":\"https:\/\/frametek.pl\/wp-content\/uploads\/2023\/09\/logo.png\",\"width\":101,\"height\":123,\"caption\":\"Frametek\"},\"image\":{\"@id\":\"https:\/\/frametek.pl\/de\/#\/schema\/logo\/image\/\"}}]}<\/script>\n<!-- \/ Yoast SEO plugin. -->","yoast_head_json":{"title":"Wsp\u00f3\u0142praca - Frametek","robots":{"index":"index","follow":"follow","max-snippet":"max-snippet:-1","max-image-preview":"max-image-preview:large","max-video-preview":"max-video-preview:-1"},"canonical":"https:\/\/frametek.pl\/de\/wspolpraca\/","og_locale":"de_DE","og_type":"article","og_title":"Wsp\u00f3\u0142praca - Frametek","og_description":"WSP\u00d3\u0141PRACA Pracuj z nami Do wszystkich inwestor\u00f3w podchodzimy w pe\u0142ni profesjonalnie \u2013 niezale\u017cnie od tego, czy projektujemy ma\u0142y domek letniskowy, czy wielkopowierzchniowy budynek. Sprawd\u017a, co mo\u017cemy Ci zaoferowa\u0107! Dla architekta Ka\u017cda budowa zaczyna si\u0119 od projektu, a z FRAMATEK b\u0119dziesz w stanie sprosta\u0107 oczekiwaniom nawet najbardziej wymagaj\u0105cych klient\u00f3w. Bezkompromisowe projekty, wysoka jako\u015b\u0107, nieszablonowy design, kr\u00f3tki [&hellip;]","og_url":"https:\/\/frametek.pl\/de\/wspolpraca\/","og_site_name":"Frametek","article_modified_time":"2023-09-26T10:26:57+00:00","og_image":[{"url":"https:\/\/frametek.pl\/wp-content\/uploads\/2023\/09\/dla-architekta.svg"}],"twitter_card":"summary_large_image","twitter_misc":{"Gesch\u00e4tzte Lesezeit":"2\u00a0Minuten"},"schema":{"@context":"https:\/\/schema.org","@graph":[{"@type":"WebPage","@id":"https:\/\/frametek.pl\/de\/wspolpraca\/","url":"https:\/\/frametek.pl\/de\/wspolpraca\/","name":"Wsp\u00f3\u0142praca - Frametek","isPartOf":{"@id":"https:\/\/frametek.pl\/de\/#website"},"primaryImageOfPage":{"@id":"https:\/\/frametek.pl\/de\/wspolpraca\/#primaryimage"},"image":{"@id":"https:\/\/frametek.pl\/de\/wspolpraca\/#primaryimage"},"thumbnailUrl":"https:\/\/frametek.pl\/wp-content\/uploads\/2023\/09\/dla-architekta.svg","datePublished":"2023-09-06T10:49:51+00:00","dateModified":"2023-09-26T10:26:57+00:00","breadcrumb":{"@id":"https:\/\/frametek.pl\/de\/wspolpraca\/#breadcrumb"},"inLanguage":"de","potentialAction":[{"@type":"ReadAction","target":["https:\/\/frametek.pl\/de\/wspolpraca\/"]}]},{"@type":"ImageObject","inLanguage":"de","@id":"https:\/\/frametek.pl\/de\/wspolpraca\/#primaryimage","url":"https:\/\/frametek.pl\/wp-content\/uploads\/2023\/09\/dla-architekta.svg","contentUrl":"https:\/\/frametek.pl\/wp-content\/uploads\/2023\/09\/dla-architekta.svg"},{"@type":"BreadcrumbList","@id":"https:\/\/frametek.pl\/de\/wspolpraca\/#breadcrumb","itemListElement":[{"@type":"ListItem","position":1,"name":"Strona g\u0142\u00f3wna","item":"https:\/\/frametek.pl\/de\/"},{"@type":"ListItem","position":2,"name":"Wsp\u00f3\u0142praca"}]},{"@type":"WebSite","@id":"https:\/\/frametek.pl\/de\/#website","url":"https:\/\/frametek.pl\/de\/","name":"Frametek","description":"","publisher":{"@id":"https:\/\/frametek.pl\/de\/#organization"},"potentialAction":[{"@type":"SearchAction","target":{"@type":"EntryPoint","urlTemplate":"https:\/\/frametek.pl\/de\/?s={search_term_string}"},"query-input":"required name=search_term_string"}],"inLanguage":"de"},{"@type":"Organization","@id":"https:\/\/frametek.pl\/de\/#organization","name":"Frametek","url":"https:\/\/frametek.pl\/de\/","logo":{"@type":"ImageObject","inLanguage":"de","@id":"https:\/\/frametek.pl\/de\/#\/schema\/logo\/image\/","url":"https:\/\/frametek.pl\/wp-content\/uploads\/2023\/09\/logo.png","contentUrl":"https:\/\/frametek.pl\/wp-content\/uploads\/2023\/09\/logo.png","width":101,"height":123,"caption":"Frametek"},"image":{"@id":"https:\/\/frametek.pl\/de\/#\/schema\/logo\/image\/"}}]}},"_links":{"self":[{"href":"https:\/\/frametek.pl\/de\/wp-json\/wp\/v2\/pages\/2655"}],"collection":[{"href":"https:\/\/frametek.pl\/de\/wp-json\/wp\/v2\/pages"}],"about":[{"href":"https:\/\/frametek.pl\/de\/wp-json\/wp\/v2\/types\/page"}],"author":[{"embeddable":true,"href":"https:\/\/frametek.pl\/de\/wp-json\/wp\/v2\/users\/1"}],"replies":[{"embeddable":true,"href":"https:\/\/frametek.pl\/de\/wp-json\/wp\/v2\/comments?post=2655"}],"version-history":[{"count":3,"href":"https:\/\/frametek.pl\/de\/wp-json\/wp\/v2\/pages\/2655\/revisions"}],"predecessor-version":[{"id":2709,"href":"https:\/\/frametek.pl\/de\/wp-json\/wp\/v2\/pages\/2655\/revisions\/2709"}],"wp:attachment":[{"href":"https:\/\/frametek.pl\/de\/wp-json\/wp\/v2\/media?parent=2655"}],"curies":[{"name":"wp","href":"https:\/\/api.w.org\/{rel}","templated":true}]}}